{"id":46,"date":"2024-01-02T21:18:54","date_gmt":"2024-01-03T00:18:54","guid":{"rendered":"https:\/\/flaviapereira.com\/?page_id=46"},"modified":"2025-12-01T21:56:24","modified_gmt":"2025-12-02T00:56:24","slug":"dance-delivery","status":"publish","type":"page","link":"https:\/\/flaviapereira.com\/index.php\/dance-delivery\/","title":{"rendered":"DANCE DELIVERY"},"content":{"rendered":"<div class=\"wp-block-image\">\n<figure class=\"aligncenter size-large is-resized\"><img loading=\"lazy\" decoding=\"async\" width=\"1024\" height=\"1024\" src=\"https:\/\/flaviapereira.com\/wp-content\/uploads\/2024\/01\/DD_FAIXAS_PRETO-1024x1024.png\" alt=\"\" class=\"wp-image-47\" style=\"width:179px;height:auto\" srcset=\"https:\/\/flaviapereira.com\/wp-content\/uploads\/2024\/01\/DD_FAIXAS_PRETO-1024x1024.png 1024w, https:\/\/flaviapereira.com\/wp-content\/uploads\/2024\/01\/DD_FAIXAS_PRETO-300x300.png 300w, https:\/\/flaviapereira.com\/wp-content\/uploads\/2024\/01\/DD_FAIXAS_PRETO-150x150.png 150w, https:\/\/flaviapereira.com\/wp-content\/uploads\/2024\/01\/DD_FAIXAS_PRETO-768x768.png 768w, https:\/\/flaviapereira.com\/wp-content\/uploads\/2024\/01\/DD_FAIXAS_PRETO-1536x1536.png 1536w, https:\/\/flaviapereira.com\/wp-content\/uploads\/2024\/01\/DD_FAIXAS_PRETO.png 2000w\" sizes=\"auto, (max-width: 1024px) 100vw, 1024px\" \/><\/figure>\n<\/div>\n\n\n<p>O Dance Delivery \u00e9 um programa de aulas personalizadas de dan\u00e7a com FlaP\u00ea, que podem ser feitas presencialmente, online, individual ou em grupos de at\u00e9 seis pessoas (no online). As modalidades dispon\u00edveis, s\u00e3o: JAZZ DANCE; HIST\u00d3RIA DO JAZZ (te\u00f3rica); COREOGRAFIAS, BAILE CHARME, CONSCI\u00caNCIA CORPORAL PARA ARTISTAS DE PERFORMANCE e MENTORIA PARA PROFESSORES DE JAZZ.<br>Para pessoas a partir de 12 anos de idade, o Dance Delivery, tem como objetivo aproximar a dan\u00e7a com o interesse particular dos alunos. Mais de 100 pessoas j\u00e1 passaram pelo programa e voc\u00ea pode fazer parte clicando <a title=\"\" href=\"https:\/\/forms.gle\/uCW41bnNZ9s8ekc87\" target=\"_blank\" rel=\"noopener\">aqui<\/a>.<\/p>\n\n\n\n<p><strong>DEPOIMENTOS<\/strong><br>Jofrancis (S\u00e3o Paulo, SP)<br><em>Eu j\u00e1 era f\u00e3 do trabalho da Flavia e assim que pude quis fazer aula no Dance Delivery. A praticidade de ter aula em casa me ajudou muito porque minha agenda \u00e9 apertada! O m\u00e9todo da Fla \u00e9 muito bom e com muito embasamento! Eu adorei que ela esteve disposta a adaptar as aulas ao que eu queria, ent\u00e3o fizemos aulas de subg\u00eaneros dentro do jazz. Senti muita liberdade durante as aulas e me senti compreendida pela&nbsp;professora.<\/em><\/p>\n\n\n\n<p>Monique (Curitiba, PR)<br><em>Meu nome \u00e9 Monique Benoski e eu comecei a fazer as aulas do Dance Delivery na pandemia, logo quando come\u00e7ou, justamente por ser uma op\u00e7\u00e3o vi\u00e1vel para a \u00e9poca! No momento do mundo que est\u00e1vamos vivendo, o DD surgiu como uma op\u00e7\u00e3o muito boa de manter o corpo ativo e n\u00e3o se sentir t\u00e3o parada no tempo. Mas o principal, al\u00e9m da facilidade das aulas online, \u00e9 que eu conhe\u00e7o a Fla h\u00e1 muitos anos e confio integralmente no trabalho dela, sei o tanto que ela \u00e9 boa no que faz, extremamente profissional e com aquele olhar cl\u00ednico que identifica a melhor forma de fazer o aluno evoluir dentro dos objetivos dele! Recomendo muit\u00edssimo qualquer experi\u00eancia que envolva a FlaP\u00ea como core\u00f3grafa\/professora!!<\/em><\/p>\n\n\n\n<p>Luiza (Porto Alegre, RS)<br><em>Procurei o Dance Delivery para fazer o curso te\u00f3rico e algumas aulas pr\u00e1ticas de Jazz dance. H\u00e1 alguns anos busco me conectar mais com as raizes do jazz e com pessoas que sejam da \u00e1rea, pois tamb\u00e9m estudo sobre. Conhecer o trabalho da FlaP\u00ea, na teoria e na pr\u00e1tica, fez com que eu me sentisse mais potente para seguir estudando o jazz que acredito.<\/em><\/p>\n\n\n\n<p>Rubia (Curitiba, PR)<br><em>Eu conhe\u00e7o a Flavia a mais de 10 anos. Conhe\u00e7o seu talento e compet\u00eancia. Quando resolvi voltar a dan\u00e7ar, durante a pandemia, n\u00e3o tive d\u00favidas em recorrer a ela. Atrav\u00e9s do Dance Delivery, eu voltei a ter contato com o ballet, sem precisar sair de casa, j\u00e1 que as aulas eram on-line, e o melhor, elas eram espec\u00edficas para as minhas necessidades. Hoje sempre que algu\u00e9m procura aulas de dan\u00e7a, eu sempre&nbsp;indico&nbsp;ela.<\/em><\/p>\n\n\n\n<p>Fernanda (Curitiba, PR)<br><em>Fiz as aulas de jazz theater do Dance Delivery e tive uma experi\u00eancia muito completa, mesmo poucas aulas. As aulas da FlaP\u00ea respeitam muito o tempo de cada pessoa e ela tem um olhar bem atencioso para detalhes. Recomendo muito para pessoas que j\u00e1 dan\u00e7am e tamb\u00e9m pessoas que est\u00e3o come\u00e7ando&nbsp;a&nbsp;dan\u00e7ar.<\/em><\/p>\n","protected":false},"excerpt":{"rendered":"<p>O Dance Delivery \u00e9 um programa de aulas personalizadas de dan\u00e7a com FlaP\u00ea, que podem ser feitas presencialmente, online, individual ou em grupos de at\u00e9 seis pessoas (no online). As &hellip; <a href=\"https:\/\/flaviapereira.com\/index.php\/dance-delivery\/\" class=\"more-link\"><span>Continue reading<span class=\"screen-reader-text\">DANCE DELIVERY<\/span><\/span><\/a><\/p>\n","protected":false},"author":1,"featured_media":0,"parent":0,"menu_order":0,"comment_status":"closed","ping_status":"closed","template":"","meta":{"om_disable_all_campaigns":false,"_monsterinsights_skip_tracking":false,"_monsterinsights_sitenote_active":false,"_monsterinsights_sitenote_note":"","_monsterinsights_sitenote_category":0,"footnotes":""},"class_list":["post-46","page","type-page","status-publish","hentry"],"yoast_head":"<!-- This site is optimized with the Yoast SEO plugin v26.9 - https:\/\/yoast.com\/product\/yoast-seo-wordpress\/ -->\n<title>DANCE DELIVERY -<\/title>\n<meta name=\"robots\" content=\"index, follow, max-snippet:-1, max-image-preview:large, max-video-preview:-1\" \/>\n<link rel=\"canonical\" href=\"https:\/\/flaviapereira.com\/index.php\/dance-delivery\/\" \/>\n<meta property=\"og:locale\" content=\"pt_BR\" \/>\n<meta property=\"og:type\" content=\"article\" \/>\n<meta property=\"og:title\" content=\"DANCE DELIVERY -\" \/>\n<meta property=\"og:description\" content=\"O Dance Delivery \u00e9 um programa de aulas personalizadas de dan\u00e7a com FlaP\u00ea, que podem ser feitas presencialmente, online, individual ou em grupos de at\u00e9 seis pessoas (no online). As &hellip; Continue readingDANCE DELIVERY\" \/>\n<meta property=\"og:url\" content=\"https:\/\/flaviapereira.com\/index.php\/dance-delivery\/\" \/>\n<meta property=\"article:modified_time\" content=\"2025-12-02T00:56:24+00:00\" \/>\n<meta property=\"og:image\" content=\"https:\/\/flaviapereira.com\/wp-content\/uploads\/2024\/01\/DD_FAIXAS_PRETO-1024x1024.png\" \/>\n<meta name=\"twitter:card\" content=\"summary_large_image\" \/>\n<meta name=\"twitter:label1\" content=\"Est. tempo de leitura\" \/>\n\t<meta name=\"twitter:data1\" content=\"3 minutos\" \/>\n<script type=\"application\/ld+json\" class=\"yoast-schema-graph\">{\"@context\":\"https:\/\/schema.org\",\"@graph\":[{\"@type\":\"WebPage\",\"@id\":\"https:\/\/flaviapereira.com\/index.php\/dance-delivery\/\",\"url\":\"https:\/\/flaviapereira.com\/index.php\/dance-delivery\/\",\"name\":\"DANCE DELIVERY -\",\"isPartOf\":{\"@id\":\"https:\/\/flaviapereira.com\/#website\"},\"primaryImageOfPage\":{\"@id\":\"https:\/\/flaviapereira.com\/index.php\/dance-delivery\/#primaryimage\"},\"image\":{\"@id\":\"https:\/\/flaviapereira.com\/index.php\/dance-delivery\/#primaryimage\"},\"thumbnailUrl\":\"https:\/\/flaviapereira.com\/wp-content\/uploads\/2024\/01\/DD_FAIXAS_PRETO-1024x1024.png\",\"datePublished\":\"2024-01-03T00:18:54+00:00\",\"dateModified\":\"2025-12-02T00:56:24+00:00\",\"breadcrumb\":{\"@id\":\"https:\/\/flaviapereira.com\/index.php\/dance-delivery\/#breadcrumb\"},\"inLanguage\":\"pt-BR\",\"potentialAction\":[{\"@type\":\"ReadAction\",\"target\":[\"https:\/\/flaviapereira.com\/index.php\/dance-delivery\/\"]}]},{\"@type\":\"ImageObject\",\"inLanguage\":\"pt-BR\",\"@id\":\"https:\/\/flaviapereira.com\/index.php\/dance-delivery\/#primaryimage\",\"url\":\"https:\/\/flaviapereira.com\/wp-content\/uploads\/2024\/01\/DD_FAIXAS_PRETO.png\",\"contentUrl\":\"https:\/\/flaviapereira.com\/wp-content\/uploads\/2024\/01\/DD_FAIXAS_PRETO.png\",\"width\":2000,\"height\":2000},{\"@type\":\"BreadcrumbList\",\"@id\":\"https:\/\/flaviapereira.com\/index.php\/dance-delivery\/#breadcrumb\",\"itemListElement\":[{\"@type\":\"ListItem\",\"position\":1,\"name\":\"Home\",\"item\":\"https:\/\/flaviapereira.com\/\"},{\"@type\":\"ListItem\",\"position\":2,\"name\":\"DANCE DELIVERY\"}]},{\"@type\":\"WebSite\",\"@id\":\"https:\/\/flaviapereira.com\/#website\",\"url\":\"https:\/\/flaviapereira.com\/\",\"name\":\"\",\"description\":\"\",\"potentialAction\":[{\"@type\":\"SearchAction\",\"target\":{\"@type\":\"EntryPoint\",\"urlTemplate\":\"https:\/\/flaviapereira.com\/?s={search_term_string}\"},\"query-input\":{\"@type\":\"PropertyValueSpecification\",\"valueRequired\":true,\"valueName\":\"search_term_string\"}}],\"inLanguage\":\"pt-BR\"}]}<\/script>\n<!-- \/ Yoast SEO plugin. -->","yoast_head_json":{"title":"DANCE DELIVERY -","robots":{"index":"index","follow":"follow","max-snippet":"max-snippet:-1","max-image-preview":"max-image-preview:large","max-video-preview":"max-video-preview:-1"},"canonical":"https:\/\/flaviapereira.com\/index.php\/dance-delivery\/","og_locale":"pt_BR","og_type":"article","og_title":"DANCE DELIVERY -","og_description":"O Dance Delivery \u00e9 um programa de aulas personalizadas de dan\u00e7a com FlaP\u00ea, que podem ser feitas presencialmente, online, individual ou em grupos de at\u00e9 seis pessoas (no online). As &hellip; Continue readingDANCE DELIVERY","og_url":"https:\/\/flaviapereira.com\/index.php\/dance-delivery\/","article_modified_time":"2025-12-02T00:56:24+00:00","og_image":[{"url":"https:\/\/flaviapereira.com\/wp-content\/uploads\/2024\/01\/DD_FAIXAS_PRETO-1024x1024.png","type":"","width":"","height":""}],"twitter_card":"summary_large_image","twitter_misc":{"Est. tempo de leitura":"3 minutos"},"schema":{"@context":"https:\/\/schema.org","@graph":[{"@type":"WebPage","@id":"https:\/\/flaviapereira.com\/index.php\/dance-delivery\/","url":"https:\/\/flaviapereira.com\/index.php\/dance-delivery\/","name":"DANCE DELIVERY -","isPartOf":{"@id":"https:\/\/flaviapereira.com\/#website"},"primaryImageOfPage":{"@id":"https:\/\/flaviapereira.com\/index.php\/dance-delivery\/#primaryimage"},"image":{"@id":"https:\/\/flaviapereira.com\/index.php\/dance-delivery\/#primaryimage"},"thumbnailUrl":"https:\/\/flaviapereira.com\/wp-content\/uploads\/2024\/01\/DD_FAIXAS_PRETO-1024x1024.png","datePublished":"2024-01-03T00:18:54+00:00","dateModified":"2025-12-02T00:56:24+00:00","breadcrumb":{"@id":"https:\/\/flaviapereira.com\/index.php\/dance-delivery\/#breadcrumb"},"inLanguage":"pt-BR","potentialAction":[{"@type":"ReadAction","target":["https:\/\/flaviapereira.com\/index.php\/dance-delivery\/"]}]},{"@type":"ImageObject","inLanguage":"pt-BR","@id":"https:\/\/flaviapereira.com\/index.php\/dance-delivery\/#primaryimage","url":"https:\/\/flaviapereira.com\/wp-content\/uploads\/2024\/01\/DD_FAIXAS_PRETO.png","contentUrl":"https:\/\/flaviapereira.com\/wp-content\/uploads\/2024\/01\/DD_FAIXAS_PRETO.png","width":2000,"height":2000},{"@type":"BreadcrumbList","@id":"https:\/\/flaviapereira.com\/index.php\/dance-delivery\/#breadcrumb","itemListElement":[{"@type":"ListItem","position":1,"name":"Home","item":"https:\/\/flaviapereira.com\/"},{"@type":"ListItem","position":2,"name":"DANCE DELIVERY"}]},{"@type":"WebSite","@id":"https:\/\/flaviapereira.com\/#website","url":"https:\/\/flaviapereira.com\/","name":"","description":"","potentialAction":[{"@type":"SearchAction","target":{"@type":"EntryPoint","urlTemplate":"https:\/\/flaviapereira.com\/?s={search_term_string}"},"query-input":{"@type":"PropertyValueSpecification","valueRequired":true,"valueName":"search_term_string"}}],"inLanguage":"pt-BR"}]}},"_links":{"self":[{"href":"https:\/\/flaviapereira.com\/index.php\/wp-json\/wp\/v2\/pages\/46","targetHints":{"allow":["GET"]}}],"collection":[{"href":"https:\/\/flaviapereira.com\/index.php\/wp-json\/wp\/v2\/pages"}],"about":[{"href":"https:\/\/flaviapereira.com\/index.php\/wp-json\/wp\/v2\/types\/page"}],"author":[{"embeddable":true,"href":"https:\/\/flaviapereira.com\/index.php\/wp-json\/wp\/v2\/users\/1"}],"replies":[{"embeddable":true,"href":"https:\/\/flaviapereira.com\/index.php\/wp-json\/wp\/v2\/comments?post=46"}],"version-history":[{"count":10,"href":"https:\/\/flaviapereira.com\/index.php\/wp-json\/wp\/v2\/pages\/46\/revisions"}],"predecessor-version":[{"id":393,"href":"https:\/\/flaviapereira.com\/index.php\/wp-json\/wp\/v2\/pages\/46\/revisions\/393"}],"wp:attachment":[{"href":"https:\/\/flaviapereira.com\/index.php\/wp-json\/wp\/v2\/media?parent=46"}],"curies":[{"name":"wp","href":"https:\/\/api.w.org\/{rel}","templated":true}]}}