{"id":96,"date":"2024-01-08T15:58:49","date_gmt":"2024-01-08T18:58:49","guid":{"rendered":"https:\/\/flaviapereira.com\/?page_id=96"},"modified":"2026-01-16T06:55:46","modified_gmt":"2026-01-16T09:55:46","slug":"curriculo","status":"publish","type":"page","link":"https:\/\/flaviapereira.com\/index.php\/curriculo\/","title":{"rendered":"CURR\u00cdCULO"},"content":{"rendered":"\n<p><em>DRT 28522\/PR &#8211; bailarina<\/em><br><em>Bacharela em Dan\u00e7a  pela UNESPAR (2017)<br>T\u00e9cnico em Ballet Cl\u00e1ssico para Corpo de Baile pelo Centro de Educa\u00e7\u00e3o Profissional Ballet Copp\u00e9lia (2010)<\/em><br><em>Lattes:<\/em> <a href=\"https:\/\/wwws.cnpq.br\/cvlattesweb\/PKG_MENU.menu?f_cod=ED49A20895EA36529402EA519E10F77A#\"><strong>https:\/\/lattes.cnpq.br\/1070517108874335<\/strong><\/a><\/p>\n\n\n\n<p><strong>PRINCIPAIS TRABALHOS<\/strong><br><em>professora, bailarina e pesquisadora<\/em><\/p>\n\n\n\n<ul class=\"wp-block-list\">\n<li>Professora no curso &#8220;Jazz Dance: processo criativo e composi\u00e7\u00e3o coreogr\u00e1fica&#8221; na S\u00e3o Paulo Escola de Dan\u00e7a (2026)<\/li>\n\n\n\n<li>Pr\u00eamio de 1\u00ba lugar na categoria Solo Jazz Advanced do LindyPoh &#8211; festival de Lindy Hop, em Santiago, Chile (2025)<\/li>\n\n\n\n<li>Interven\u00e7\u00e3o Art\u00edstica no &#8220;V Congresso da Rede Internacional de Estudos Culturais (RIEC) e II Semin\u00e1rio Internacional de Estudos Culturais EACHUSP&#8221; (2025)<\/li>\n\n\n\n<li>Professora de Dan\u00e7as Sociais no curso \u201cSoul Dances\u201d da S\u00e3o Paulo Escola de Dan\u00e7a, sob curadoria de Flip Couto (2025)<\/li>\n\n\n\n<li>Ministrante de workshop de Authentic Jazz no Dan\u00e7Atl\u00e2ntico, em Campinas (2025)<\/li>\n\n\n\n<li>Professora de Dan\u00e7a no CEU Paz, CEU Paulistano e CEU Freguesia pela DRE Freguesia\/Brasil\u00e2ndia, em S\u00e3o Paulo (2025)<\/li>\n\n\n\n<li>Palestrante e professora no curso \u201cUma introdu\u00e7\u00e3o ao Jazz Dance \u2013 hist\u00f3ria preta, contada por gente preta\u201d no Sesc 14 bis \u2013 Centro de Pesquisa e Forma\u00e7\u00e3o&nbsp;(2024)<\/li>\n\n\n\n<li>Palestrante no F\u00f3rum: Possibilidades Pedag\u00f3gicas Relacionadas a Performatividades Negras no 13\u00ba Semin\u00e1rio de Pesquisas em Andamento da USP &nbsp;(2024)<\/li>\n\n\n\n<li>Pr\u00eamio de 1\u00ba lugar categoria All Styles no International Lindy Hop Championship Latin America em Buenos Aires&nbsp;(2024)<\/li>\n\n\n\n<li>Ministrante do workshop de Jazz Dance na Libert\u00e9 em Ribeir\u00e3o Preto\/SP &nbsp;(2024)<\/li>\n\n\n\n<li>Ministrante do workshop de House Jazz no Dan\u00e7Atl\u00e2ntico, em Campinas\/SP &nbsp;(2024)<\/li>\n\n\n\n<li>Professora de Jazz Dance no Ayodele Bal\u00e9 de Milton Kennedy, em S\u00e3o Paulo\/SP&nbsp;(2024)&nbsp;<\/li>\n\n\n\n<li>Ministrante do workshop de Jazz Dance Tradicional no Desenvolve da Casa da Dan\u00e7a Tati Sanchis, em S\u00e3o Paulo\/SP&nbsp;(2024)<\/li>\n\n\n\n<li>Jurada na categoria Experimental da Col\u00f4nia de F\u00e9rias, em Curitiba (2024)<\/li>\n\n\n\n<li>Dan\u00e7arina na That Swing Dance Company, de Lindy Hop (2023 &#8211; atualmente)&nbsp;<\/li>\n\n\n\n<li>Integrante e gestora do SP House \u2013 laborat\u00f3rio de House Dance (2023 &#8211; 2024)&nbsp;<\/li>\n\n\n\n<li>Professora de Jazz Dance, Hist\u00f3ria do Jazz e Hist\u00f3ria da Dan\u00e7a no IFA \u2013 Instituto de Fazeres Art\u00edstico, em S\u00e3o Paulo\/SP&nbsp;(2024)<\/li>\n\n\n\n<li>Pr\u00eamio de 1\u00ba lugar categoria Solo Jazz no International Lindy Hop Championship Latin America no Rio de Janeiro&nbsp;(2023)<\/li>\n\n\n\n<li>Semifinalista categoria House Dance do Street Dance Roots, organiza\u00e7\u00e3o de Alpha Omega&nbsp;(2023)<\/li>\n\n\n\n<li>Professora no Sampa Tapz com aulas de Theater Jazz e Neo Jazz&nbsp;(2023)<\/li>\n\n\n\n<li>Professora de Disco Jazz e coprodutora dos Estudos de Jazz&nbsp;(2023)<\/li>\n\n\n\n<li>Professora de Jazz na Le R\u00eave Dan\u00e7a em S\u00e3o Paulo (2021-2023)<\/li>\n\n\n\n<li>Bailarina do espet\u00e1culo \u201cCartola\u201d com Coletivo Dona Coisa, circula\u00e7\u00e3o pelos CEUs da cidade de S\u00e3o Paulo&nbsp;(2023)<\/li>\n\n\n\n<li>Ministrante do curso te\u00f3rico-pr\u00e1tico \u201cUma introdu\u00e7\u00e3o ao Jazz Dance\u201d pelo Centro de Refer\u00eancia da Dan\u00e7a da cidade S\u00e3o Paulo (2023)&nbsp;&nbsp;&nbsp;<\/li>\n<\/ul>\n\n\n\n<p><\/p>\n\n\n\n<p><br><\/p>\n","protected":false},"excerpt":{"rendered":"<p>DRT 28522\/PR &#8211; bailarinaBacharela em Dan\u00e7a pela UNESPAR (2017)T\u00e9cnico em Ballet Cl\u00e1ssico para Corpo de Baile pelo Centro de Educa\u00e7\u00e3o Profissional Ballet Copp\u00e9lia (2010)Lattes: https:\/\/lattes.cnpq.br\/1070517108874335 PRINCIPAIS TRABALHOSprofessora, bailarina e pesquisadora<\/p>\n","protected":false},"author":1,"featured_media":0,"parent":0,"menu_order":0,"comment_status":"closed","ping_status":"closed","template":"","meta":{"om_disable_all_campaigns":false,"_monsterinsights_skip_tracking":false,"_monsterinsights_sitenote_active":false,"_monsterinsights_sitenote_note":"","_monsterinsights_sitenote_category":0,"footnotes":""},"class_list":["post-96","page","type-page","status-publish","hentry"],"yoast_head":"<!-- This site is optimized with the Yoast SEO plugin v26.9 - https:\/\/yoast.com\/product\/yoast-seo-wordpress\/ -->\n<title>CURR\u00cdCULO -<\/title>\n<meta name=\"robots\" content=\"index, follow, max-snippet:-1, max-image-preview:large, max-video-preview:-1\" \/>\n<link rel=\"canonical\" href=\"https:\/\/flaviapereira.com\/index.php\/curriculo\/\" \/>\n<meta property=\"og:locale\" content=\"pt_BR\" \/>\n<meta property=\"og:type\" content=\"article\" \/>\n<meta property=\"og:title\" content=\"CURR\u00cdCULO -\" \/>\n<meta property=\"og:description\" content=\"DRT 28522\/PR &#8211; bailarinaBacharela em Dan\u00e7a pela UNESPAR (2017)T\u00e9cnico em Ballet Cl\u00e1ssico para Corpo de Baile pelo Centro de Educa\u00e7\u00e3o Profissional Ballet Copp\u00e9lia (2010)Lattes: https:\/\/lattes.cnpq.br\/1070517108874335 PRINCIPAIS TRABALHOSprofessora, bailarina e pesquisadora\" \/>\n<meta property=\"og:url\" content=\"https:\/\/flaviapereira.com\/index.php\/curriculo\/\" \/>\n<meta property=\"article:modified_time\" content=\"2026-01-16T09:55:46+00:00\" \/>\n<meta name=\"twitter:card\" content=\"summary_large_image\" \/>\n<meta name=\"twitter:label1\" content=\"Est. tempo de leitura\" \/>\n\t<meta name=\"twitter:data1\" content=\"2 minutos\" \/>\n<script type=\"application\/ld+json\" class=\"yoast-schema-graph\">{\"@context\":\"https:\/\/schema.org\",\"@graph\":[{\"@type\":\"WebPage\",\"@id\":\"https:\/\/flaviapereira.com\/index.php\/curriculo\/\",\"url\":\"https:\/\/flaviapereira.com\/index.php\/curriculo\/\",\"name\":\"CURR\u00cdCULO -\",\"isPartOf\":{\"@id\":\"https:\/\/flaviapereira.com\/#website\"},\"datePublished\":\"2024-01-08T18:58:49+00:00\",\"dateModified\":\"2026-01-16T09:55:46+00:00\",\"breadcrumb\":{\"@id\":\"https:\/\/flaviapereira.com\/index.php\/curriculo\/#breadcrumb\"},\"inLanguage\":\"pt-BR\",\"potentialAction\":[{\"@type\":\"ReadAction\",\"target\":[\"https:\/\/flaviapereira.com\/index.php\/curriculo\/\"]}]},{\"@type\":\"BreadcrumbList\",\"@id\":\"https:\/\/flaviapereira.com\/index.php\/curriculo\/#breadcrumb\",\"itemListElement\":[{\"@type\":\"ListItem\",\"position\":1,\"name\":\"Home\",\"item\":\"https:\/\/flaviapereira.com\/\"},{\"@type\":\"ListItem\",\"position\":2,\"name\":\"CURR\u00cdCULO\"}]},{\"@type\":\"WebSite\",\"@id\":\"https:\/\/flaviapereira.com\/#website\",\"url\":\"https:\/\/flaviapereira.com\/\",\"name\":\"\",\"description\":\"\",\"potentialAction\":[{\"@type\":\"SearchAction\",\"target\":{\"@type\":\"EntryPoint\",\"urlTemplate\":\"https:\/\/flaviapereira.com\/?s={search_term_string}\"},\"query-input\":{\"@type\":\"PropertyValueSpecification\",\"valueRequired\":true,\"valueName\":\"search_term_string\"}}],\"inLanguage\":\"pt-BR\"}]}<\/script>\n<!-- \/ Yoast SEO plugin. -->","yoast_head_json":{"title":"CURR\u00cdCULO -","robots":{"index":"index","follow":"follow","max-snippet":"max-snippet:-1","max-image-preview":"max-image-preview:large","max-video-preview":"max-video-preview:-1"},"canonical":"https:\/\/flaviapereira.com\/index.php\/curriculo\/","og_locale":"pt_BR","og_type":"article","og_title":"CURR\u00cdCULO -","og_description":"DRT 28522\/PR &#8211; bailarinaBacharela em Dan\u00e7a pela UNESPAR (2017)T\u00e9cnico em Ballet Cl\u00e1ssico para Corpo de Baile pelo Centro de Educa\u00e7\u00e3o Profissional Ballet Copp\u00e9lia (2010)Lattes: https:\/\/lattes.cnpq.br\/1070517108874335 PRINCIPAIS TRABALHOSprofessora, bailarina e pesquisadora","og_url":"https:\/\/flaviapereira.com\/index.php\/curriculo\/","article_modified_time":"2026-01-16T09:55:46+00:00","twitter_card":"summary_large_image","twitter_misc":{"Est. tempo de leitura":"2 minutos"},"schema":{"@context":"https:\/\/schema.org","@graph":[{"@type":"WebPage","@id":"https:\/\/flaviapereira.com\/index.php\/curriculo\/","url":"https:\/\/flaviapereira.com\/index.php\/curriculo\/","name":"CURR\u00cdCULO -","isPartOf":{"@id":"https:\/\/flaviapereira.com\/#website"},"datePublished":"2024-01-08T18:58:49+00:00","dateModified":"2026-01-16T09:55:46+00:00","breadcrumb":{"@id":"https:\/\/flaviapereira.com\/index.php\/curriculo\/#breadcrumb"},"inLanguage":"pt-BR","potentialAction":[{"@type":"ReadAction","target":["https:\/\/flaviapereira.com\/index.php\/curriculo\/"]}]},{"@type":"BreadcrumbList","@id":"https:\/\/flaviapereira.com\/index.php\/curriculo\/#breadcrumb","itemListElement":[{"@type":"ListItem","position":1,"name":"Home","item":"https:\/\/flaviapereira.com\/"},{"@type":"ListItem","position":2,"name":"CURR\u00cdCULO"}]},{"@type":"WebSite","@id":"https:\/\/flaviapereira.com\/#website","url":"https:\/\/flaviapereira.com\/","name":"","description":"","potentialAction":[{"@type":"SearchAction","target":{"@type":"EntryPoint","urlTemplate":"https:\/\/flaviapereira.com\/?s={search_term_string}"},"query-input":{"@type":"PropertyValueSpecification","valueRequired":true,"valueName":"search_term_string"}}],"inLanguage":"pt-BR"}]}},"_links":{"self":[{"href":"https:\/\/flaviapereira.com\/index.php\/wp-json\/wp\/v2\/pages\/96","targetHints":{"allow":["GET"]}}],"collection":[{"href":"https:\/\/flaviapereira.com\/index.php\/wp-json\/wp\/v2\/pages"}],"about":[{"href":"https:\/\/flaviapereira.com\/index.php\/wp-json\/wp\/v2\/types\/page"}],"author":[{"embeddable":true,"href":"https:\/\/flaviapereira.com\/index.php\/wp-json\/wp\/v2\/users\/1"}],"replies":[{"embeddable":true,"href":"https:\/\/flaviapereira.com\/index.php\/wp-json\/wp\/v2\/comments?post=96"}],"version-history":[{"count":18,"href":"https:\/\/flaviapereira.com\/index.php\/wp-json\/wp\/v2\/pages\/96\/revisions"}],"predecessor-version":[{"id":407,"href":"https:\/\/flaviapereira.com\/index.php\/wp-json\/wp\/v2\/pages\/96\/revisions\/407"}],"wp:attachment":[{"href":"https:\/\/flaviapereira.com\/index.php\/wp-json\/wp\/v2\/media?parent=96"}],"curies":[{"name":"wp","href":"https:\/\/api.w.org\/{rel}","templated":true}]}}